{"id":4836,"date":"2025-04-15T15:11:59","date_gmt":"2025-04-15T13:11:59","guid":{"rendered":"https:\/\/www.atelier-rideaux.com\/?page_id=4836"},"modified":"2025-04-15T17:22:09","modified_gmt":"2025-04-15T15:22:09","slug":"faq-rideaux-sur-mesure","status":"publish","type":"page","link":"https:\/\/www.atelier-rideaux.com\/en\/faq-rideaux-sur-mesure\/","title":{"rendered":"Frequently asked questions (FAQ)"},"content":{"rendered":"<h2 style=\"text-align: center;\">Frequently asked questions (FAQ)<\/h2>\n<h3 style=\"text-align: center;\">Tailor-made project specialists<\/h3>\n<p style=\"text-align: left;\" class=\"translation-block\"><strong data-end=\"197\" data-start=\"141\">A specialist in made-to-measure curtains in French-speaking Switzerland<\/strong>, Atelier Guggisberg offers a full range of handcrafted interior decoration services.<\/p>\n<p style=\"text-align: left;\" class=\"translation-block\">Below is an overview of our main services, together with a <strong data-end=\"425\" data-start=\"396\">Frequently Asked Questions (FAQ)<\/strong> section answering the most common queries.<\/p>\n<h5 style=\"text-align: center;\"><span>PRENEZ RENDEZ-VOUS POUR VISITER L&rsquo;ATELIER :<\/span><\/h5>\n<p style=\"\"><strong>Lausanne<\/strong><\/p>\n<p style=\"\">Av. Juste-Olivier 9, 1006 Lausanne<\/p>\n<p style=\"\">+41 (0) 21 648 56 02<\/p>\n<p style=\"\">info@atelier-guggisberg.com<\/p>","protected":false},"excerpt":{"rendered":"<p>Foire aux Questions (FAQ) Atelier Guggisberg : Sp\u00e9cialistes des projets sur mesure ? \u2026 Oui. Sp\u00e9cialiste des rideaux sur mesure en Suisse romande, Atelier Guggisberg propose une gamme compl\u00e8te de services artisanaux dans le domaine de la d\u00e9coration d\u2019int\u00e9rieur. Retrouvez ci-dessous un aper\u00e7u de nos prestations principales, accompagn\u00e9 d\u2019une Foire aux Questions (FAQ) r\u00e9pondant aux [&hellip;]<\/p>\n","protected":false},"author":1,"featured_media":3160,"parent":0,"menu_order":0,"comment_status":"closed","ping_status":"closed","template":"","meta":{"_acf_changed":false,"inline_featured_image":false,"footnotes":""},"class_list":["post-4836","page","type-page","status-publish","has-post-thumbnail","hentry","post-wrapper","thrv_wrapper"],"acf":[],"yoast_head":"<!-- This site is optimized with the Yoast SEO plugin v27.4 - https:\/\/yoast.com\/product\/yoast-seo-wordpress\/ -->\n<title>Rideaux sur mesure \u2013 FAQ | Confection en Suisse romande<\/title>\n<meta name=\"description\" content=\"Rideaux sur mesure et d\u00e9coration textile pour professionnels en Suisse romande. Prestations, zones d\u2019intervention, conseils personnalis\u00e9s\" \/>\n<meta name=\"robots\" content=\"index, follow, max-snippet:-1, max-image-preview:large, max-video-preview:-1\" \/>\n<link rel=\"canonical\" href=\"https:\/\/www.atelier-rideaux.com\/en\/faq-rideaux-sur-mesure\/\" \/>\n<meta property=\"og:locale\" content=\"en_US\" \/>\n<meta property=\"og:type\" content=\"article\" \/>\n<meta property=\"og:title\" content=\"Rideaux sur mesure \u2013 FAQ | Confection en Suisse romande\" \/>\n<meta property=\"og:description\" content=\"Rideaux sur mesure et d\u00e9coration textile pour professionnels en Suisse romande. Prestations, zones d\u2019intervention, conseils personnalis\u00e9s\" \/>\n<meta property=\"og:url\" content=\"https:\/\/www.atelier-rideaux.com\/en\/faq-rideaux-sur-mesure\/\" \/>\n<meta property=\"og:site_name\" content=\"Confection de rideaux \u00e0 Lausanne et Rolle pr\u00e8s de Gen\u00e8ve par Atelier Guggisberg\" \/>\n<meta property=\"article:modified_time\" content=\"2025-04-15T15:22:09+00:00\" \/>\n<meta property=\"og:image\" content=\"https:\/\/www.atelier-rideaux.com\/wp-content\/uploads\/2020\/01\/518-literie-770x447-1.jpg\" \/>\n\t<meta property=\"og:image:width\" content=\"770\" \/>\n\t<meta property=\"og:image:height\" content=\"447\" \/>\n\t<meta property=\"og:image:type\" content=\"image\/jpeg\" \/>\n<script type=\"application\/ld+json\" class=\"yoast-schema-graph\">{\"@context\":\"https:\\\/\\\/schema.org\",\"@graph\":[{\"@type\":\"WebPage\",\"@id\":\"https:\\\/\\\/www.atelier-rideaux.com\\\/faq-rideaux-sur-mesure\\\/\",\"url\":\"https:\\\/\\\/www.atelier-rideaux.com\\\/faq-rideaux-sur-mesure\\\/\",\"name\":\"Rideaux sur mesure \u2013 FAQ | Confection en Suisse romande\",\"isPartOf\":{\"@id\":\"https:\\\/\\\/www.atelier-rideaux.com\\\/#website\"},\"primaryImageOfPage\":{\"@id\":\"https:\\\/\\\/www.atelier-rideaux.com\\\/faq-rideaux-sur-mesure\\\/#primaryimage\"},\"image\":{\"@id\":\"https:\\\/\\\/www.atelier-rideaux.com\\\/faq-rideaux-sur-mesure\\\/#primaryimage\"},\"thumbnailUrl\":\"https:\\\/\\\/www.atelier-rideaux.com\\\/wp-content\\\/uploads\\\/2020\\\/01\\\/518-literie-770x447-1.jpg\",\"datePublished\":\"2025-04-15T13:11:59+00:00\",\"dateModified\":\"2025-04-15T15:22:09+00:00\",\"description\":\"Rideaux sur mesure et d\u00e9coration textile pour professionnels en Suisse romande. Prestations, zones d\u2019intervention, conseils personnalis\u00e9s\",\"breadcrumb\":{\"@id\":\"https:\\\/\\\/www.atelier-rideaux.com\\\/faq-rideaux-sur-mesure\\\/#breadcrumb\"},\"inLanguage\":\"en-US\",\"potentialAction\":[{\"@type\":\"ReadAction\",\"target\":[\"https:\\\/\\\/www.atelier-rideaux.com\\\/faq-rideaux-sur-mesure\\\/\"]}]},{\"@type\":\"ImageObject\",\"inLanguage\":\"en-US\",\"@id\":\"https:\\\/\\\/www.atelier-rideaux.com\\\/faq-rideaux-sur-mesure\\\/#primaryimage\",\"url\":\"https:\\\/\\\/www.atelier-rideaux.com\\\/wp-content\\\/uploads\\\/2020\\\/01\\\/518-literie-770x447-1.jpg\",\"contentUrl\":\"https:\\\/\\\/www.atelier-rideaux.com\\\/wp-content\\\/uploads\\\/2020\\\/01\\\/518-literie-770x447-1.jpg\",\"width\":770,\"height\":447},{\"@type\":\"BreadcrumbList\",\"@id\":\"https:\\\/\\\/www.atelier-rideaux.com\\\/faq-rideaux-sur-mesure\\\/#breadcrumb\",\"itemListElement\":[{\"@type\":\"ListItem\",\"position\":1,\"name\":\"Accueil\",\"item\":\"https:\\\/\\\/www.atelier-rideaux.com\\\/\"},{\"@type\":\"ListItem\",\"position\":2,\"name\":\"Foire aux Questions (FAQ)\"}]},{\"@type\":\"WebSite\",\"@id\":\"https:\\\/\\\/www.atelier-rideaux.com\\\/#website\",\"url\":\"https:\\\/\\\/www.atelier-rideaux.com\\\/\",\"name\":\"Atelier Rideaux\",\"description\":\"Rideaux sur mesure \u00e0 Lausanne\",\"publisher\":{\"@id\":\"https:\\\/\\\/www.atelier-rideaux.com\\\/#organization\"},\"potentialAction\":[{\"@type\":\"SearchAction\",\"target\":{\"@type\":\"EntryPoint\",\"urlTemplate\":\"https:\\\/\\\/www.atelier-rideaux.com\\\/?s={search_term_string}\"},\"query-input\":{\"@type\":\"PropertyValueSpecification\",\"valueRequired\":true,\"valueName\":\"search_term_string\"}}],\"inLanguage\":\"en-US\"},{\"@type\":\"Organization\",\"@id\":\"https:\\\/\\\/www.atelier-rideaux.com\\\/#organization\",\"name\":\"Atelier Rideaux\",\"url\":\"https:\\\/\\\/www.atelier-rideaux.com\\\/\",\"logo\":{\"@type\":\"ImageObject\",\"inLanguage\":\"en-US\",\"@id\":\"https:\\\/\\\/www.atelier-rideaux.com\\\/#\\\/schema\\\/logo\\\/image\\\/\",\"url\":\"https:\\\/\\\/www.atelier-rideaux.com\\\/wp-content\\\/uploads\\\/2022\\\/03\\\/Logo-Icon-Website.svg\",\"contentUrl\":\"https:\\\/\\\/www.atelier-rideaux.com\\\/wp-content\\\/uploads\\\/2022\\\/03\\\/Logo-Icon-Website.svg\",\"width\":\"1024\",\"height\":\"1024\",\"caption\":\"Atelier Rideaux\"},\"image\":{\"@id\":\"https:\\\/\\\/www.atelier-rideaux.com\\\/#\\\/schema\\\/logo\\\/image\\\/\"},\"sameAs\":[\"https:\\\/\\\/www.linkedin.com\\\/company\\\/atelierguggisberg\"]}]}<\/script>\n<!-- \/ Yoast SEO plugin. -->","yoast_head_json":{"title":"Rideaux sur mesure \u2013 FAQ | Confection en Suisse romande","description":"Rideaux sur mesure et d\u00e9coration textile pour professionnels en Suisse romande. Prestations, zones d\u2019intervention, conseils personnalis\u00e9s","robots":{"index":"index","follow":"follow","max-snippet":"max-snippet:-1","max-image-preview":"max-image-preview:large","max-video-preview":"max-video-preview:-1"},"canonical":"https:\/\/www.atelier-rideaux.com\/en\/faq-rideaux-sur-mesure\/","og_locale":"en_US","og_type":"article","og_title":"Rideaux sur mesure \u2013 FAQ | Confection en Suisse romande","og_description":"Rideaux sur mesure et d\u00e9coration textile pour professionnels en Suisse romande. Prestations, zones d\u2019intervention, conseils personnalis\u00e9s","og_url":"https:\/\/www.atelier-rideaux.com\/en\/faq-rideaux-sur-mesure\/","og_site_name":"Confection de rideaux \u00e0 Lausanne et Rolle pr\u00e8s de Gen\u00e8ve par Atelier Guggisberg","article_modified_time":"2025-04-15T15:22:09+00:00","og_image":[{"width":770,"height":447,"url":"https:\/\/www.atelier-rideaux.com\/wp-content\/uploads\/2020\/01\/518-literie-770x447-1.jpg","type":"image\/jpeg"}],"schema":{"@context":"https:\/\/schema.org","@graph":[{"@type":"WebPage","@id":"https:\/\/www.atelier-rideaux.com\/faq-rideaux-sur-mesure\/","url":"https:\/\/www.atelier-rideaux.com\/faq-rideaux-sur-mesure\/","name":"Rideaux sur mesure \u2013 FAQ | Confection en Suisse romande","isPartOf":{"@id":"https:\/\/www.atelier-rideaux.com\/#website"},"primaryImageOfPage":{"@id":"https:\/\/www.atelier-rideaux.com\/faq-rideaux-sur-mesure\/#primaryimage"},"image":{"@id":"https:\/\/www.atelier-rideaux.com\/faq-rideaux-sur-mesure\/#primaryimage"},"thumbnailUrl":"https:\/\/www.atelier-rideaux.com\/wp-content\/uploads\/2020\/01\/518-literie-770x447-1.jpg","datePublished":"2025-04-15T13:11:59+00:00","dateModified":"2025-04-15T15:22:09+00:00","description":"Rideaux sur mesure et d\u00e9coration textile pour professionnels en Suisse romande. Prestations, zones d\u2019intervention, conseils personnalis\u00e9s","breadcrumb":{"@id":"https:\/\/www.atelier-rideaux.com\/faq-rideaux-sur-mesure\/#breadcrumb"},"inLanguage":"en-US","potentialAction":[{"@type":"ReadAction","target":["https:\/\/www.atelier-rideaux.com\/faq-rideaux-sur-mesure\/"]}]},{"@type":"ImageObject","inLanguage":"en-US","@id":"https:\/\/www.atelier-rideaux.com\/faq-rideaux-sur-mesure\/#primaryimage","url":"https:\/\/www.atelier-rideaux.com\/wp-content\/uploads\/2020\/01\/518-literie-770x447-1.jpg","contentUrl":"https:\/\/www.atelier-rideaux.com\/wp-content\/uploads\/2020\/01\/518-literie-770x447-1.jpg","width":770,"height":447},{"@type":"BreadcrumbList","@id":"https:\/\/www.atelier-rideaux.com\/faq-rideaux-sur-mesure\/#breadcrumb","itemListElement":[{"@type":"ListItem","position":1,"name":"Accueil","item":"https:\/\/www.atelier-rideaux.com\/"},{"@type":"ListItem","position":2,"name":"Foire aux Questions (FAQ)"}]},{"@type":"WebSite","@id":"https:\/\/www.atelier-rideaux.com\/#website","url":"https:\/\/www.atelier-rideaux.com\/","name":"Atelier Rideaux","description":"Rideaux sur mesure \u00e0 Lausanne","publisher":{"@id":"https:\/\/www.atelier-rideaux.com\/#organization"},"potentialAction":[{"@type":"SearchAction","target":{"@type":"EntryPoint","urlTemplate":"https:\/\/www.atelier-rideaux.com\/?s={search_term_string}"},"query-input":{"@type":"PropertyValueSpecification","valueRequired":true,"valueName":"search_term_string"}}],"inLanguage":"en-US"},{"@type":"Organization","@id":"https:\/\/www.atelier-rideaux.com\/#organization","name":"Atelier Rideaux","url":"https:\/\/www.atelier-rideaux.com\/","logo":{"@type":"ImageObject","inLanguage":"en-US","@id":"https:\/\/www.atelier-rideaux.com\/#\/schema\/logo\/image\/","url":"https:\/\/www.atelier-rideaux.com\/wp-content\/uploads\/2022\/03\/Logo-Icon-Website.svg","contentUrl":"https:\/\/www.atelier-rideaux.com\/wp-content\/uploads\/2022\/03\/Logo-Icon-Website.svg","width":"1024","height":"1024","caption":"Atelier Rideaux"},"image":{"@id":"https:\/\/www.atelier-rideaux.com\/#\/schema\/logo\/image\/"},"sameAs":["https:\/\/www.linkedin.com\/company\/atelierguggisberg"]}]}},"_links":{"self":[{"href":"https:\/\/www.atelier-rideaux.com\/en\/wp-json\/wp\/v2\/pages\/4836","targetHints":{"allow":["GET"]}}],"collection":[{"href":"https:\/\/www.atelier-rideaux.com\/en\/wp-json\/wp\/v2\/pages"}],"about":[{"href":"https:\/\/www.atelier-rideaux.com\/en\/wp-json\/wp\/v2\/types\/page"}],"author":[{"embeddable":true,"href":"https:\/\/www.atelier-rideaux.com\/en\/wp-json\/wp\/v2\/users\/1"}],"replies":[{"embeddable":true,"href":"https:\/\/www.atelier-rideaux.com\/en\/wp-json\/wp\/v2\/comments?post=4836"}],"version-history":[{"count":33,"href":"https:\/\/www.atelier-rideaux.com\/en\/wp-json\/wp\/v2\/pages\/4836\/revisions"}],"predecessor-version":[{"id":4871,"href":"https:\/\/www.atelier-rideaux.com\/en\/wp-json\/wp\/v2\/pages\/4836\/revisions\/4871"}],"wp:featuredmedia":[{"embeddable":true,"href":"https:\/\/www.atelier-rideaux.com\/en\/wp-json\/wp\/v2\/media\/3160"}],"wp:attachment":[{"href":"https:\/\/www.atelier-rideaux.com\/en\/wp-json\/wp\/v2\/media?parent=4836"}],"curies":[{"name":"wp","href":"https:\/\/api.w.org\/{rel}","templated":true}]}}